{"id":113,"date":"2014-03-15T17:55:30","date_gmt":"2014-03-15T16:55:30","guid":{"rendered":"http:\/\/diestreifenhoernchen.de\/?page_id=113"},"modified":"2020-11-09T11:50:51","modified_gmt":"2020-11-09T10:50:51","slug":"programmauswahl","status":"publish","type":"page","link":"http:\/\/diestreifenhoernchen.de\/?page_id=113","title":{"rendered":""},"content":{"rendered":"<style type=\"text\/css\"><!--\np { margin: 0px; }\n--><\/style>\n<p><strong><span style=\"color: #5987a6;\">PROGRAMMBEISPIELE:<br \/>\n30 Jahre Krieg und Frieden. Alte Schweden, Dafne und die Pappenheimer &#8211; <\/span><\/strong><span style=\"color: #5987a6;\">Ein Programm \u00fcber die Schandtaten ebenso wie \u00fcber die kulturellen H\u00f6hepunkte aus der Zeit des Drei\u00dfigj\u00e4hrigen Krieges<br \/>\n<strong><span style=\"color: #5987a6;\">Und jetzt mal Butter bei die Fische! Eine frische Fahrt durchs Meer der W\u00f6rter &#8211; <\/span><\/strong><span style=\"color: #5987a6;\">Ein Programm mit vielen seem\u00e4nnischen Redensarten, Seefahrerliedern und der Geschichte vom Admiral im Rumfass<br \/>\n<strong><span style=\"color: #5987a6;\">Super Moneten und minimales Mobbing oder Warum wir alle wie die R\u00f6mer reden &#8211; <\/span><\/strong><span style=\"color: #5987a6;\">Ein Programm \u00fcber Redensarten und W\u00f6rter, die aus dem Lateinischen ins Deutsche wanderten<br \/>\n<strong><span style=\"color: #5987a6;\">Holy shit! &#8211; <\/span><\/strong><span style=\"color: #5987a6;\">Ein Programm \u00fcber das Schimpfen und Fluchen von den alten Babyloniern bis heute<br \/>\n<strong><span style=\"color: #5987a6;\">L\u00e4stern mit Luther &#8211; <\/span><\/strong><span style=\"color: #5987a6;\">Grandioser Sprachspa\u00df mit den Reformatoren und ihren Gegnern. \u201eDie Streifenh\u00f6rnchen\u201c entf\u00fchren ins gar nicht so ferne 16. Jahrhundert mit viel Witz und viel Musik<br \/>\n<strong><span style=\"color: #5987a6;\">Wenn der Schlosshund zweimal heult &#8211; <\/span><\/strong><span style=\"color: #5987a6;\">Ein Programm speziell \u00fcber die Sprichw\u00f6rter und Redensarten um Burgen, Schl\u00f6sser und die alte Zeit<br \/>\n<strong><span style=\"color: #5987a6;\">Rosen und Kuhfladen oder Wo die Liebe hinf\u00e4llt &#8211; <\/span><\/strong><span style=\"color: #5987a6;\">Ein Programm f\u00fcr Sprichw\u00f6rter der Liebe und \u00e4hnlich sch\u00f6ner Dinge. Inklusive Redensartensong und Liebeslied<br \/>\n<strong><span style=\"color: #5987a6;\">Geld stinkt nicht &#8211; <\/span><\/strong><span style=\"color: #5987a6;\">Ein Programm um die zahlreichen Redensarten, die sich um das Geld drehen. Mit Sprichw\u00f6rterberatung und Monetenkanon<br \/>\n<strong><span style=\"color: #5987a6;\">Wein und Bier, das rat ich dir &#8211; <\/span><\/strong><\/span><\/span><\/span><\/span><span style=\"color: #5987a6;\">Dieses Programm bietet nicht nur Hinweise, welche Wein- und Biersprichw\u00f6rter heute noch unsere Alltagssprache pr\u00e4gen, sondern wird auch noch mit einigen sch\u00f6nen Trinkliedern angereichert<\/span><\/p>\n<style type=\"text\/css\"><!--\np { margin: 30px; }\n--><\/style>\n<p align=\"center\"><span style=\"color: #5987a6;\">Au\u00dferdem fertigen wir individuell zugeschnittene Programme zu Ihren Wunschthemen f\u00fcr Erwachsene, Kinder, Jugendliche.<\/span><\/p>\n<p align=\"left\"><span style=\"color: #5987a6;\">Unter dem folgenden Link k\u00f6nnen Sie sechs Ausschnitte aus einem unserer Auftritte sehen:<br \/>\n1. Robert Gernhardt &#8211; Schimpfsong<br \/>\n2. Sprichwortberatung<br \/>\n3. Spieluhrsolo<br \/>\n4. Schimpftirade und Fluchkanon<br \/>\n5. Sprichwortberatung<br \/>\n6. Sprichw\u00f6rtersong<br \/>\n<!-- www.youtube.com\/watch?v=5EsUVkJLGqQ --><br \/>\n<a href=\"https:\/\/www.youtube.com\/watch?v=2bQ5I_p_j04&#038;feature=youtu.be\">DIE STREIFENH\u00d6RNCHEN in Erlangen 2013<\/a><\/span><\/p>\n<p align=\"left\"><span style=\"color: #5987a6;\">DIE STREIFENH\u00d6RNCHEN WAREN BISHER UNTER ANDEREM ZU SEHEN BEI:<br \/>\nErlanger Poetenfest<br \/>\nMuseum f\u00fcr Kommunikation Frankfurt<br \/>\nMuseum f\u00fcr Kommunikation N\u00fcrnberg<br \/>\nMuseum f\u00fcr Kommunikation Berlin<br \/>\nFocke-Museum Bremen<br \/>\nStaatstheater N\u00fcrnberg<br \/>\nCoburger Museumsnacht<br \/>\nSpielzeugmusem N\u00fcrnberg<br \/>\nGreizer Theaterherbst<br \/>\nFr\u00e4nkisches Museum Feuchtwangen<br \/>\nWaffenmuseum Suhl<br \/>\nStadtmuseum Erlangen<br \/>\nPfalzmuseum Forchheim<br \/>\nBaden-W\u00fcrttembergisches Museum der Alltagskultur Waldenbuch<br \/>\nStadtbibliotheken Erlangen, M\u00fcnchen-F\u00fcrstenried, Neuss, Suhl, Neunkirchen, Forchheim, Zella-Mehlis, Oberasbach<br \/>\nFreilandmuseum Bad Windsheim<br \/>\nSchw\u00e4bisches Bauernhofmuseum Illerbeuren<br \/>\nAPC-Sommer Kempten<br \/>\nOtto-Sch\u00e4fer-Museum Schweinfurt<br \/>\nG\u00e4rtner- und H\u00e4ckermuseum Bamberg<br \/>\nAugustinum Bonn, Detmold, Roth, Die\u00dfen<br \/>\nTV \u201eHallo Hessen\u201d<br \/>\nB\u00fcrgerverein Jena<br \/>\nTV \u201eFrankenschau\u201d (BR)<br \/>\nSchulmodell Chemnitz<br \/>\n<\/span><\/p>\n","protected":false},"excerpt":{"rendered":"<p>PROGRAMMBEISPIELE: 30 Jahre Krieg und Frieden. Alte Schweden, Dafne und die Pappenheimer &#8211; Ein Programm \u00fcber die Schandtaten ebenso wie \u00fcber die kulturellen H\u00f6hepunkte aus der Zeit des Drei\u00dfigj\u00e4hrigen Krieges Und jetzt mal Butter bei die Fische! Eine frische Fahrt durchs Meer der W\u00f6rter &#8211; Ein Programm mit vielen seem\u00e4nnischen Redensarten, Seefahrerliedern und der Geschichte [&hellip;]<\/p>\n","protected":false},"author":1,"featured_media":0,"parent":0,"menu_order":0,"comment_status":"closed","ping_status":"closed","template":"","meta":{"footnotes":""},"class_list":["post-113","page","type-page","status-publish","hentry"],"_links":{"self":[{"href":"http:\/\/diestreifenhoernchen.de\/index.php?rest_route=\/wp\/v2\/pages\/113","targetHints":{"allow":["GET"]}}],"collection":[{"href":"http:\/\/diestreifenhoernchen.de\/index.php?rest_route=\/wp\/v2\/pages"}],"about":[{"href":"http:\/\/diestreifenhoernchen.de\/index.php?rest_route=\/wp\/v2\/types\/page"}],"author":[{"embeddable":true,"href":"http:\/\/diestreifenhoernchen.de\/index.php?rest_route=\/wp\/v2\/users\/1"}],"replies":[{"embeddable":true,"href":"http:\/\/diestreifenhoernchen.de\/index.php?rest_route=%2Fwp%2Fv2%2Fcomments&post=113"}],"version-history":[{"count":54,"href":"http:\/\/diestreifenhoernchen.de\/index.php?rest_route=\/wp\/v2\/pages\/113\/revisions"}],"predecessor-version":[{"id":355,"href":"http:\/\/diestreifenhoernchen.de\/index.php?rest_route=\/wp\/v2\/pages\/113\/revisions\/355"}],"wp:attachment":[{"href":"http:\/\/diestreifenhoernchen.de\/index.php?rest_route=%2Fwp%2Fv2%2Fmedia&parent=113"}],"curies":[{"name":"wp","href":"https:\/\/api.w.org\/{rel}","templated":true}]}}