{"id":2,"date":"2014-03-06T09:35:58","date_gmt":"2014-03-06T09:35:58","guid":{"rendered":"http:\/\/diestreifenhoernchen.de\/?page_id=2"},"modified":"2014-08-30T17:56:27","modified_gmt":"2014-08-30T15:56:27","slug":"beispiel-seite","status":"publish","type":"page","link":"http:\/\/diestreifenhoernchen.de\/","title":{"rendered":""},"content":{"rendered":"<p><span style=\"font-size: x-large;\"><strong><span style=\"color: #5987a6;\">1. Gestreifte Hemden<br \/>\n2. Spieluhrstreifen<br \/>\n3. Streifz\u00fcge durch den Sprachdschungel<br \/>\n<\/span><\/strong><\/span><\/p>\n<p align=\"middle\"><span style=\"font-size: x-large;\"><strong><span style=\"color: #5987a6;\">Das sind DIE STREIFENH\u00d6RNCHEN<\/span><\/strong><br \/>\n<span style=\"font-size: x-large;\"><span style=\"color: #5987a6;\">Rolf-Bernhard Essig und Franz Tr\u00f6ger<\/span><\/span><\/span><\/p>\n<p align=\"right\"><a href=\"http:\/\/diestreifenhoernchen.de\/wp-content\/uploads\/2014\/03\/caramba_0384av.jpg\"><img loading=\"lazy\" decoding=\"async\" class=\"alignnone size-medium wp-image-7\" alt=\"rolf-bernhard essig und franz tr\u00f6ger\" src=\"http:\/\/diestreifenhoernchen.de\/wp-content\/uploads\/2014\/03\/caramba_0384av-300x199.jpg\" width=\"300\" height=\"199\" srcset=\"http:\/\/diestreifenhoernchen.de\/wp-content\/uploads\/2014\/03\/caramba_0384av-300x199.jpg 300w, http:\/\/diestreifenhoernchen.de\/wp-content\/uploads\/2014\/03\/caramba_0384av-1024x682.jpg 1024w, http:\/\/diestreifenhoernchen.de\/wp-content\/uploads\/2014\/03\/caramba_0384av.jpg 2000w\" sizes=\"auto, (max-width: 300px) 100vw, 300px\" \/><\/a><\/p>\n","protected":false},"excerpt":{"rendered":"<p>1. Gestreifte Hemden 2. Spieluhrstreifen 3. Streifz\u00fcge durch den Sprachdschungel Das sind DIE STREIFENH\u00d6RNCHEN Rolf-Bernhard Essig und Franz Tr\u00f6ger<\/p>\n","protected":false},"author":1,"featured_media":0,"parent":0,"menu_order":0,"comment_status":"closed","ping_status":"closed","template":"","meta":{"footnotes":""},"class_list":["post-2","page","type-page","status-publish","hentry"],"_links":{"self":[{"href":"http:\/\/diestreifenhoernchen.de\/index.php?rest_route=\/wp\/v2\/pages\/2","targetHints":{"allow":["GET"]}}],"collection":[{"href":"http:\/\/diestreifenhoernchen.de\/index.php?rest_route=\/wp\/v2\/pages"}],"about":[{"href":"http:\/\/diestreifenhoernchen.de\/index.php?rest_route=\/wp\/v2\/types\/page"}],"author":[{"embeddable":true,"href":"http:\/\/diestreifenhoernchen.de\/index.php?rest_route=\/wp\/v2\/users\/1"}],"replies":[{"embeddable":true,"href":"http:\/\/diestreifenhoernchen.de\/index.php?rest_route=%2Fwp%2Fv2%2Fcomments&post=2"}],"version-history":[{"count":59,"href":"http:\/\/diestreifenhoernchen.de\/index.php?rest_route=\/wp\/v2\/pages\/2\/revisions"}],"predecessor-version":[{"id":242,"href":"http:\/\/diestreifenhoernchen.de\/index.php?rest_route=\/wp\/v2\/pages\/2\/revisions\/242"}],"wp:attachment":[{"href":"http:\/\/diestreifenhoernchen.de\/index.php?rest_route=%2Fwp%2Fv2%2Fmedia&parent=2"}],"curies":[{"name":"wp","href":"https:\/\/api.w.org\/{rel}","templated":true}]}}