{"id":50,"date":"2014-03-14T17:42:40","date_gmt":"2014-03-14T16:42:40","guid":{"rendered":"http:\/\/diestreifenhoernchen.de\/?page_id=50"},"modified":"2020-12-14T09:47:57","modified_gmt":"2020-12-14T08:47:57","slug":"rolf-bernhard-essig","status":"publish","type":"page","link":"http:\/\/diestreifenhoernchen.de\/?page_id=50","title":{"rendered":""},"content":{"rendered":"<p><span style=\"color: #5987a6;\"><strong>Dr. phil., Autor und Entertainer, tourt in seiner Mission als Redensartenexperte erfolgreich durch die Republik. Seit er in der Sendung \u201eEssigs Essenzen\u201c bei Deutschlandradio fast jede Frage rund um Sprichw\u00f6rter und Redensarten beantwortete, nennt man ihn den Sprichwort-Papst. Seine bekanntesten B\u00fccher zum Thema sind \u201eWie die Kuh aufs Eis kam\u201c (Aufbau Verlag) und \u201eButter bei die Fische\u201c (Mare Verlag). Seine Ausstellung \u201eMein Name ist Hase! Redewendungen auf der Spur\u201c zeigen die Museen f\u00fcr Kommunikation in N\u00fcrnberg, Berlin und Frankfurt am Main &#8211; allein in N\u00fcrnberg mit 35.500 Besuchern und 107 Schulf\u00fchrungen. Ein weiterer Beweis f\u00fcr die Beliebtheit des Themas.<\/p>\n<p><span style=\"color: #5987a6;\"><strong>F\u00fcr Radio MDR1 pr\u00e4sentiert er die w\u00f6chentliche Sendung \u201eAlles in Butter oder alles Essig?\u201c, und auch sonst ist er regelm\u00e4\u00dfig in Rundfunk und Fernsehen zu Gast, so bei J\u00fcrgen von der Lippe oder im \u201eTigerenten Club\u201c.<\/p>\n<p><span style=\"color: #5987a6;\"><strong>Seit einigen Jahren tritt er mit dem Multi-Instrumentalisten, Spieluhrkomponisten und musikalischen Tausendsassa Franz Tr\u00f6ger als DIE STREIFENH\u00d6RNCHEN auf.<br \/>\nZu weiteren Aktivit\u00e4ten von Rolf-Bernhard Essig und seiner Frau Gudrun Schury siehe <\/strong><a href=\"http:\/\/www.schuressig.de\">www.schuressig.de<br \/>\n<a href=\"http:\/\/diestreifenhoernchen.de\/wp-content\/uploads\/2017\/06\/Rolf-Bernhard-Essig.jpg\"><img loading=\"lazy\" decoding=\"async\" src=\"http:\/\/diestreifenhoernchen.de\/wp-content\/uploads\/2017\/06\/Rolf-Bernhard-Essig-199x300.jpg\" alt=\"Rolf-Bernhard Essig\" width=\"199\" height=\"300\" class=\"alignnone size-medium wp-image-301\" srcset=\"http:\/\/diestreifenhoernchen.de\/wp-content\/uploads\/2017\/06\/Rolf-Bernhard-Essig-199x300.jpg 199w, http:\/\/diestreifenhoernchen.de\/wp-content\/uploads\/2017\/06\/Rolf-Bernhard-Essig-682x1024.jpg 682w, http:\/\/diestreifenhoernchen.de\/wp-content\/uploads\/2017\/06\/Rolf-Bernhard-Essig.jpg 1181w\" sizes=\"auto, (max-width: 199px) 100vw, 199px\" \/><\/a><\/p>\n","protected":false},"excerpt":{"rendered":"<p>Dr. phil., Autor und Entertainer, tourt in seiner Mission als Redensartenexperte erfolgreich durch die Republik. Seit er in der Sendung \u201eEssigs Essenzen\u201c bei Deutschlandradio fast jede Frage rund um Sprichw\u00f6rter und Redensarten beantwortete, nennt man ihn den Sprichwort-Papst. Seine bekanntesten B\u00fccher zum Thema sind \u201eWie die Kuh aufs Eis kam\u201c (Aufbau Verlag) und \u201eButter bei [&hellip;]<\/p>\n","protected":false},"author":1,"featured_media":0,"parent":0,"menu_order":2,"comment_status":"closed","ping_status":"closed","template":"","meta":{"footnotes":""},"class_list":["post-50","page","type-page","status-publish","hentry"],"_links":{"self":[{"href":"http:\/\/diestreifenhoernchen.de\/index.php?rest_route=\/wp\/v2\/pages\/50","targetHints":{"allow":["GET"]}}],"collection":[{"href":"http:\/\/diestreifenhoernchen.de\/index.php?rest_route=\/wp\/v2\/pages"}],"about":[{"href":"http:\/\/diestreifenhoernchen.de\/index.php?rest_route=\/wp\/v2\/types\/page"}],"author":[{"embeddable":true,"href":"http:\/\/diestreifenhoernchen.de\/index.php?rest_route=\/wp\/v2\/users\/1"}],"replies":[{"embeddable":true,"href":"http:\/\/diestreifenhoernchen.de\/index.php?rest_route=%2Fwp%2Fv2%2Fcomments&post=50"}],"version-history":[{"count":22,"href":"http:\/\/diestreifenhoernchen.de\/index.php?rest_route=\/wp\/v2\/pages\/50\/revisions"}],"predecessor-version":[{"id":364,"href":"http:\/\/diestreifenhoernchen.de\/index.php?rest_route=\/wp\/v2\/pages\/50\/revisions\/364"}],"wp:attachment":[{"href":"http:\/\/diestreifenhoernchen.de\/index.php?rest_route=%2Fwp%2Fv2%2Fmedia&parent=50"}],"curies":[{"name":"wp","href":"https:\/\/api.w.org\/{rel}","templated":true}]}}