{"id":54,"date":"2014-03-14T17:51:39","date_gmt":"2014-03-14T16:51:39","guid":{"rendered":"http:\/\/diestreifenhoernchen.de\/?page_id=54"},"modified":"2020-12-14T09:48:23","modified_gmt":"2020-12-14T08:48:23","slug":"franz-troeger","status":"publish","type":"page","link":"http:\/\/diestreifenhoernchen.de\/?page_id=54","title":{"rendered":""},"content":{"rendered":"<p><span style=\"color: #5987a6;\"><strong>Franz Tr\u00f6ger, Historiker und Pianist, arbeitet als Theatermusiker hinter, vor und auf der B\u00fchne. Unter anderem war er schon an den Stadttheatern Basel, Aachen, Bamberg und an den Landestheatern Baden und Eisenach zu sehen. Er pr\u00e4sentiert \u00fcberall in Deutschland packende Programme f\u00fcr Ausstellungen oder Lesungen, kooperierte dabei beispielsweise mit Nora Gomringer, Monika Rinck oder Kathrin R\u00f6ggla.<\/p>\n<p><span style=\"color: #5987a6;\">Seine mal poetischen, mal schalkhaften Kompositionen f\u00fcr Spieluhr brachten ihm den Titel \u201eMusikzaubermeister\u201c (Fr\u00e4nkischer Tag) ein, \u00fcber seine Chansons schrieb die ZEIT: \u201evoll n\u00e4chtlicher Melancholie und Witz.\u201c<\/p>\n<p><span style=\"color: #5987a6;\">Seit einigen Jahren tritt er mit dem Sprachexperten und Redensartenpapst Rolf-Bernhard Essig als DIE STREIFENH\u00d6RNCHEN auf.<br \/>\nZu weiteren Aktivit\u00e4ten von Franz Tr\u00f6ger siehe <\/strong><\/span><a href=\"http:\/\/www.plingplong.org\">www.plingplong.org<\/a><\/p>\n<p><a href=\"http:\/\/diestreifenhoernchen.de\/wp-content\/uploads\/2017\/06\/Franz-Troeger.jpg\"><img loading=\"lazy\" decoding=\"async\" src=\"http:\/\/diestreifenhoernchen.de\/wp-content\/uploads\/2017\/06\/Franz-Troeger-199x300.jpg\" alt=\"Franz Troeger\" width=\"199\" height=\"300\" class=\"alignnone size-medium wp-image-305\" srcset=\"http:\/\/diestreifenhoernchen.de\/wp-content\/uploads\/2017\/06\/Franz-Troeger-199x300.jpg 199w, http:\/\/diestreifenhoernchen.de\/wp-content\/uploads\/2017\/06\/Franz-Troeger-682x1024.jpg 682w, http:\/\/diestreifenhoernchen.de\/wp-content\/uploads\/2017\/06\/Franz-Troeger.jpg 1181w\" sizes=\"auto, (max-width: 199px) 100vw, 199px\" \/><\/a><\/p>\n","protected":false},"excerpt":{"rendered":"<p>Franz Tr\u00f6ger, Historiker und Pianist, arbeitet als Theatermusiker hinter, vor und auf der B\u00fchne. Unter anderem war er schon an den Stadttheatern Basel, Aachen, Bamberg und an den Landestheatern Baden und Eisenach zu sehen. Er pr\u00e4sentiert \u00fcberall in Deutschland packende Programme f\u00fcr Ausstellungen oder Lesungen, kooperierte dabei beispielsweise mit Nora Gomringer, Monika Rinck oder Kathrin [&hellip;]<\/p>\n","protected":false},"author":1,"featured_media":0,"parent":0,"menu_order":3,"comment_status":"closed","ping_status":"closed","template":"","meta":{"footnotes":""},"class_list":["post-54","page","type-page","status-publish","hentry"],"_links":{"self":[{"href":"http:\/\/diestreifenhoernchen.de\/index.php?rest_route=\/wp\/v2\/pages\/54","targetHints":{"allow":["GET"]}}],"collection":[{"href":"http:\/\/diestreifenhoernchen.de\/index.php?rest_route=\/wp\/v2\/pages"}],"about":[{"href":"http:\/\/diestreifenhoernchen.de\/index.php?rest_route=\/wp\/v2\/types\/page"}],"author":[{"embeddable":true,"href":"http:\/\/diestreifenhoernchen.de\/index.php?rest_route=\/wp\/v2\/users\/1"}],"replies":[{"embeddable":true,"href":"http:\/\/diestreifenhoernchen.de\/index.php?rest_route=%2Fwp%2Fv2%2Fcomments&post=54"}],"version-history":[{"count":23,"href":"http:\/\/diestreifenhoernchen.de\/index.php?rest_route=\/wp\/v2\/pages\/54\/revisions"}],"predecessor-version":[{"id":365,"href":"http:\/\/diestreifenhoernchen.de\/index.php?rest_route=\/wp\/v2\/pages\/54\/revisions\/365"}],"wp:attachment":[{"href":"http:\/\/diestreifenhoernchen.de\/index.php?rest_route=%2Fwp%2Fv2%2Fmedia&parent=54"}],"curies":[{"name":"wp","href":"https:\/\/api.w.org\/{rel}","templated":true}]}}