{"id":58,"date":"2014-03-14T17:56:25","date_gmt":"2014-03-14T16:56:25","guid":{"rendered":"http:\/\/diestreifenhoernchen.de\/?page_id=58"},"modified":"2020-12-14T09:47:10","modified_gmt":"2020-12-14T08:47:10","slug":"konzept","status":"publish","type":"page","link":"http:\/\/diestreifenhoernchen.de\/?page_id=58","title":{"rendered":""},"content":{"rendered":"<p><span style=\"color: #5987a6;\"><strong>In diesem neuen Kleinkunstkonzept vereinen sich Sprachsp\u00fcrsinn und Musikbegeisterung. Dreh- und Angelpunkt ist die Sprichwort-Sprechstunde, bei der das Publikum Rolf-Bernhard Essig, den \u201eIndiana Jones der Sprachsch\u00e4tze\u201c (N\u00fcrnberger Nachrichten), nach Herzenslust l\u00f6chern darf, um mehr \u00fcber Herkunft und Bedeutung von Redewendungen zu erfahren. Wie bei seinen zahlreichen Radio- und Fernsehauftritten pr\u00e4sentiert der Entertainer und Sprachforscher auch live seine Erkenntnisse lustig, locker und lebendig.<\/p>\n<p><span style=\"color: #5987a6;\">Wissenschaftlich gediegen und stets unterhaltsam \u2013 das ist sein Motto. Dass er manchmal passen muss, geh\u00f6rt dazu, gibt es bei ca. 300.000 sprichw\u00f6rtlichen Redensarten allein im Deutschen auch f\u00fcr ihn immer was zu lernen.<\/p>\n<p><span style=\"color: #5987a6;\">Begleitet wird er von Franz Tr\u00f6ger. Der Pianist und einzige Spieluhrvirtuose Europas interpretiert allein oder mit Essig zusammen selbstkomponierte Balladen, Spieluhr-Punk, Ouvert\u00fcren, Redensartensongs, Fluchkanons, neue Schlager. Und neben der Spieluhr liegen weitere periphere Instrumente bereit, die au\u00dfergew\u00f6hnliche H\u00f6rerlebnisse garantieren.<\/strong><\/span><\/p>\n<p><a href=\"http:\/\/diestreifenhoernchen.de\/wp-content\/uploads\/2014\/03\/Streifenhoernchen-5-Copyright-Georg-Poehlein.jpg\"><img loading=\"lazy\" decoding=\"async\" class=\"alignnone size-medium wp-image-18\" alt=\"rolf-bernhard essig und franz tr\u00f6ger\" src=\"http:\/\/diestreifenhoernchen.de\/wp-content\/uploads\/2014\/03\/Streifenhoernchen-5-Copyright-Georg-Poehlein-300x199.jpg\" width=\"300\" height=\"199\" srcset=\"http:\/\/diestreifenhoernchen.de\/wp-content\/uploads\/2014\/03\/Streifenhoernchen-5-Copyright-Georg-Poehlein-300x199.jpg 300w, http:\/\/diestreifenhoernchen.de\/wp-content\/uploads\/2014\/03\/Streifenhoernchen-5-Copyright-Georg-Poehlein-1024x682.jpg 1024w, http:\/\/diestreifenhoernchen.de\/wp-content\/uploads\/2014\/03\/Streifenhoernchen-5-Copyright-Georg-Poehlein.jpg 2000w\" sizes=\"auto, (max-width: 300px) 100vw, 300px\" \/><\/a><\/p>\n","protected":false},"excerpt":{"rendered":"<p>In diesem neuen Kleinkunstkonzept vereinen sich Sprachsp\u00fcrsinn und Musikbegeisterung. Dreh- und Angelpunkt ist die Sprichwort-Sprechstunde, bei der das Publikum Rolf-Bernhard Essig, den \u201eIndiana Jones der Sprachsch\u00e4tze\u201c (N\u00fcrnberger Nachrichten), nach Herzenslust l\u00f6chern darf, um mehr \u00fcber Herkunft und Bedeutung von Redewendungen zu erfahren. Wie bei seinen zahlreichen Radio- und Fernsehauftritten pr\u00e4sentiert der Entertainer und Sprachforscher auch [&hellip;]<\/p>\n","protected":false},"author":1,"featured_media":0,"parent":0,"menu_order":1,"comment_status":"closed","ping_status":"closed","template":"","meta":{"footnotes":""},"class_list":["post-58","page","type-page","status-publish","hentry"],"_links":{"self":[{"href":"http:\/\/diestreifenhoernchen.de\/index.php?rest_route=\/wp\/v2\/pages\/58","targetHints":{"allow":["GET"]}}],"collection":[{"href":"http:\/\/diestreifenhoernchen.de\/index.php?rest_route=\/wp\/v2\/pages"}],"about":[{"href":"http:\/\/diestreifenhoernchen.de\/index.php?rest_route=\/wp\/v2\/types\/page"}],"author":[{"embeddable":true,"href":"http:\/\/diestreifenhoernchen.de\/index.php?rest_route=\/wp\/v2\/users\/1"}],"replies":[{"embeddable":true,"href":"http:\/\/diestreifenhoernchen.de\/index.php?rest_route=%2Fwp%2Fv2%2Fcomments&post=58"}],"version-history":[{"count":12,"href":"http:\/\/diestreifenhoernchen.de\/index.php?rest_route=\/wp\/v2\/pages\/58\/revisions"}],"predecessor-version":[{"id":363,"href":"http:\/\/diestreifenhoernchen.de\/index.php?rest_route=\/wp\/v2\/pages\/58\/revisions\/363"}],"wp:attachment":[{"href":"http:\/\/diestreifenhoernchen.de\/index.php?rest_route=%2Fwp%2Fv2%2Fmedia&parent=58"}],"curies":[{"name":"wp","href":"https:\/\/api.w.org\/{rel}","templated":true}]}}